{"id":70,"date":"2016-02-23T12:56:50","date_gmt":"2016-02-23T11:56:50","guid":{"rendered":"http:\/\/4ee2d9e0737449ce9635ab2250b9c741.testmyurl.ws\/souquier\/?page_id=70"},"modified":"2016-02-23T16:28:55","modified_gmt":"2016-02-23T15:28:55","slug":"que-faire-a-proximite","status":"publish","type":"page","link":"http:\/\/4ee2d9e0737449ce9635ab2250b9c741.testmyurl.ws\/souquier\/que-faire-a-proximite\/","title":{"rendered":"Que faire \u00e0 proximit\u00e9 ?"},"content":{"rendered":"<div id=\"pl-70\"  class=\"panel-layout\" ><div id=\"pg-70-0\"  class=\"panel-grid panel-no-style\" ><div id=\"pgc-70-0-0\"  class=\"panel-grid-cell\" ><div id=\"panel-70-0-0-0\" class=\"so-panel widget widget_black-studio-tinymce widget_black_studio_tinymce panel-first-child\" data-index=\"0\" ><div class=\"textwidget\"><h1 style=\"text-align: center;\">Que faire \u00e0 proximit\u00e9 ?<\/h1>\n<hr style=\"max-width: 400px;\" \/>\n<h5 style=\"font-weight: normal; text-align: center;\">Bienvenue dans le P\u00e9rigord Noir, pays de l'histoire de l'homme,de la gastronomie et du tourisme.<\/h5>\n<p style=\"text-align: center;\">\u00a0<\/p>\n<p style=\"text-align: center;\"><strong>Vous pourrez visiter des sites prestigieux<\/strong><\/p>\n<p style=\"text-align: center;\">Les plus beaux villages de france : Sarlat , Limeuil , La Roque Gageac , Beynac ...<br \/> Les grottes et gouffres : Lascaux , Proumeyssac ...<br \/> Les chateaux : Milandes , Castelnaud ...<br \/> Les sites troglodytiques ...<\/p>\n<p style=\"text-align: center;\"> <strong>Pour les sportifs<\/strong><\/p>\n<p style=\"text-align: center;\">3 golfs \u00e0 proximit\u00e9<br \/> Sentiers de randonn\u00e9es au d\u00e9part du gite<br \/> Descente de le Dordogne ou la V\u00e9z\u00e8re en cano\u00eb<br \/> Parc aquatique<br \/> VTT ,Tennis<br \/> Centre \u00e9questre<\/p>\n<p style=\"text-align: center;\">\u00a0<\/p>\n<p style=\"text-align: center;\"><strong>Pour les gastronomes<\/strong><\/p>\n<p style=\"text-align: center;\">Truffes , noix , fraises ...<br \/> Foies gras , confits ...<br \/> Caves et vins ...<br \/> Les mardi et samedi , le r\u00e9put\u00e9 march\u00e9 du Bugue<\/p>\n<p style=\"text-align: center;\">\u00a0<\/p>\n<\/div><\/div><div id=\"panel-70-0-0-1\" class=\"so-panel widget widget_black-studio-tinymce widget_black_studio_tinymce panel-last-child\" data-index=\"1\" ><div class=\"textwidget\"><p><div id='gallery-1' class='gallery galleryid-70 gallery-columns-3 gallery-size-large'><figure class='gallery-item'>\n\t\t\t<div class='gallery-icon landscape'>\n\t\t\t\t<a href='http:\/\/4ee2d9e0737449ce9635ab2250b9c741.testmyurl.ws\/souquier\/wp-content\/uploads\/2016\/02\/proumeyssac.jpg' rel=\"lightbox[70]\"><img loading=\"lazy\" decoding=\"async\" width=\"800\" height=\"498\" src=\"http:\/\/4ee2d9e0737449ce9635ab2250b9c741.testmyurl.ws\/souquier\/wp-content\/uploads\/2016\/02\/proumeyssac.jpg\" class=\"attachment-large size-large\" alt=\"\" aria-describedby=\"gallery-1-104\" srcset=\"http:\/\/4ee2d9e0737449ce9635ab2250b9c741.testmyurl.ws\/souquier\/wp-content\/uploads\/2016\/02\/proumeyssac.jpg 800w, http:\/\/4ee2d9e0737449ce9635ab2250b9c741.testmyurl.ws\/souquier\/wp-content\/uploads\/2016\/02\/proumeyssac-300x187.jpg 300w\" sizes=\"auto, (max-width: 800px) 100vw, 800px\" \/><\/a>\n\t\t\t<\/div>\n\t\t\t\t<figcaption class='wp-caption-text gallery-caption' id='gallery-1-104'>\n\t\t\t\tGouffre de Proumeyssac\n\t\t\t\t<\/figcaption><\/figure><figure class='gallery-item'>\n\t\t\t<div class='gallery-icon landscape'>\n\t\t\t\t<a href='http:\/\/4ee2d9e0737449ce9635ab2250b9c741.testmyurl.ws\/souquier\/wp-content\/uploads\/2016\/02\/bournat.jpg' rel=\"lightbox[70]\"><img loading=\"lazy\" decoding=\"async\" width=\"800\" height=\"498\" src=\"http:\/\/4ee2d9e0737449ce9635ab2250b9c741.testmyurl.ws\/souquier\/wp-content\/uploads\/2016\/02\/bournat.jpg\" class=\"attachment-large size-large\" alt=\"\" aria-describedby=\"gallery-1-105\" srcset=\"http:\/\/4ee2d9e0737449ce9635ab2250b9c741.testmyurl.ws\/souquier\/wp-content\/uploads\/2016\/02\/bournat.jpg 800w, http:\/\/4ee2d9e0737449ce9635ab2250b9c741.testmyurl.ws\/souquier\/wp-content\/uploads\/2016\/02\/bournat-300x187.jpg 300w\" sizes=\"auto, (max-width: 800px) 100vw, 800px\" \/><\/a>\n\t\t\t<\/div>\n\t\t\t\t<figcaption class='wp-caption-text gallery-caption' id='gallery-1-105'>\n\t\t\t\tLe Bournat\n\t\t\t\t<\/figcaption><\/figure><figure class='gallery-item'>\n\t\t\t<div class='gallery-icon landscape'>\n\t\t\t\t<a href='http:\/\/4ee2d9e0737449ce9635ab2250b9c741.testmyurl.ws\/souquier\/wp-content\/uploads\/2016\/02\/aquarium-1.jpg' rel=\"lightbox[70]\"><img loading=\"lazy\" decoding=\"async\" width=\"800\" height=\"497\" src=\"http:\/\/4ee2d9e0737449ce9635ab2250b9c741.testmyurl.ws\/souquier\/wp-content\/uploads\/2016\/02\/aquarium-1.jpg\" class=\"attachment-large size-large\" alt=\"\" aria-describedby=\"gallery-1-106\" srcset=\"http:\/\/4ee2d9e0737449ce9635ab2250b9c741.testmyurl.ws\/souquier\/wp-content\/uploads\/2016\/02\/aquarium-1.jpg 800w, http:\/\/4ee2d9e0737449ce9635ab2250b9c741.testmyurl.ws\/souquier\/wp-content\/uploads\/2016\/02\/aquarium-1-300x186.jpg 300w\" sizes=\"auto, (max-width: 800px) 100vw, 800px\" \/><\/a>\n\t\t\t<\/div>\n\t\t\t\t<figcaption class='wp-caption-text gallery-caption' id='gallery-1-106'>\n\t\t\t\tAquarium du P\u00e9rigord Noir\n\t\t\t\t<\/figcaption><\/figure><figure class='gallery-item'>\n\t\t\t<div class='gallery-icon landscape'>\n\t\t\t\t<a href='http:\/\/4ee2d9e0737449ce9635ab2250b9c741.testmyurl.ws\/souquier\/wp-content\/uploads\/2016\/02\/limeuil.jpg' rel=\"lightbox[70]\"><img loading=\"lazy\" decoding=\"async\" width=\"600\" height=\"374\" src=\"http:\/\/4ee2d9e0737449ce9635ab2250b9c741.testmyurl.ws\/souquier\/wp-content\/uploads\/2016\/02\/limeuil.jpg\" class=\"attachment-large size-large\" alt=\"\" aria-describedby=\"gallery-1-108\" srcset=\"http:\/\/4ee2d9e0737449ce9635ab2250b9c741.testmyurl.ws\/souquier\/wp-content\/uploads\/2016\/02\/limeuil.jpg 600w, http:\/\/4ee2d9e0737449ce9635ab2250b9c741.testmyurl.ws\/souquier\/wp-content\/uploads\/2016\/02\/limeuil-300x187.jpg 300w\" sizes=\"auto, (max-width: 600px) 100vw, 600px\" \/><\/a>\n\t\t\t<\/div>\n\t\t\t\t<figcaption class='wp-caption-text gallery-caption' id='gallery-1-108'>\n\t\t\t\tLimeuil\n\t\t\t\t<\/figcaption><\/figure><figure class='gallery-item'>\n\t\t\t<div class='gallery-icon landscape'>\n\t\t\t\t<a href='http:\/\/4ee2d9e0737449ce9635ab2250b9c741.testmyurl.ws\/souquier\/wp-content\/uploads\/2016\/02\/sarlat.jpg' rel=\"lightbox[70]\"><img loading=\"lazy\" decoding=\"async\" width=\"600\" height=\"374\" src=\"http:\/\/4ee2d9e0737449ce9635ab2250b9c741.testmyurl.ws\/souquier\/wp-content\/uploads\/2016\/02\/sarlat.jpg\" class=\"attachment-large size-large\" alt=\"\" aria-describedby=\"gallery-1-109\" srcset=\"http:\/\/4ee2d9e0737449ce9635ab2250b9c741.testmyurl.ws\/souquier\/wp-content\/uploads\/2016\/02\/sarlat.jpg 600w, http:\/\/4ee2d9e0737449ce9635ab2250b9c741.testmyurl.ws\/souquier\/wp-content\/uploads\/2016\/02\/sarlat-300x187.jpg 300w\" sizes=\"auto, (max-width: 600px) 100vw, 600px\" \/><\/a>\n\t\t\t<\/div>\n\t\t\t\t<figcaption class='wp-caption-text gallery-caption' id='gallery-1-109'>\n\t\t\t\tSarlat-la-Can\u00e9da\n\t\t\t\t<\/figcaption><\/figure><figure class='gallery-item'>\n\t\t\t<div class='gallery-icon landscape'>\n\t\t\t\t<a href='http:\/\/4ee2d9e0737449ce9635ab2250b9c741.testmyurl.ws\/souquier\/wp-content\/uploads\/2016\/02\/golf-marterie.jpg' rel=\"lightbox[70]\"><img loading=\"lazy\" decoding=\"async\" width=\"800\" height=\"498\" src=\"http:\/\/4ee2d9e0737449ce9635ab2250b9c741.testmyurl.ws\/souquier\/wp-content\/uploads\/2016\/02\/golf-marterie.jpg\" class=\"attachment-large size-large\" alt=\"\" aria-describedby=\"gallery-1-113\" srcset=\"http:\/\/4ee2d9e0737449ce9635ab2250b9c741.testmyurl.ws\/souquier\/wp-content\/uploads\/2016\/02\/golf-marterie.jpg 800w, http:\/\/4ee2d9e0737449ce9635ab2250b9c741.testmyurl.ws\/souquier\/wp-content\/uploads\/2016\/02\/golf-marterie-300x187.jpg 300w\" sizes=\"auto, (max-width: 800px) 100vw, 800px\" \/><\/a>\n\t\t\t<\/div>\n\t\t\t\t<figcaption class='wp-caption-text gallery-caption' id='gallery-1-113'>\n\t\t\t\tGolf de la Marterie\n\t\t\t\t<\/figcaption><\/figure>\n\t\t<\/div>\n<\/p>\n<\/div><\/div><\/div><\/div><div id=\"pg-70-1\"  class=\"panel-grid panel-no-style\" ><div id=\"pgc-70-1-0\"  class=\"panel-grid-cell panel-grid-cell-empty\" ><\/div><\/div><\/div>","protected":false},"excerpt":{"rendered":"<p>Que faire \u00e0 proximit\u00e9 ?Bienvenue dans le P\u00e9rigord Noir, pays de l&rsquo;histoire de l&rsquo;homme,de la gastronomie et du tourisme.\u00a0Vous pourrez visiter des sites prestigieuxLes plus beaux villages de france : Sarlat , Limeuil , La Roque Gageac , Beynac &#8230; Les grottes et gouffres : Lascaux , Proumeyssac &#8230; Les chateaux : Milandes , Castelnaud [&hellip;]<\/p>\n","protected":false},"author":1,"featured_media":0,"parent":0,"menu_order":0,"comment_status":"closed","ping_status":"closed","template":"home-panels.php","meta":{"footnotes":""},"class_list":["post-70","page","type-page","status-publish","hentry"],"aioseo_notices":[],"_links":{"self":[{"href":"http:\/\/4ee2d9e0737449ce9635ab2250b9c741.testmyurl.ws\/souquier\/wp-json\/wp\/v2\/pages\/70","targetHints":{"allow":["GET"]}}],"collection":[{"href":"http:\/\/4ee2d9e0737449ce9635ab2250b9c741.testmyurl.ws\/souquier\/wp-json\/wp\/v2\/pages"}],"about":[{"href":"http:\/\/4ee2d9e0737449ce9635ab2250b9c741.testmyurl.ws\/souquier\/wp-json\/wp\/v2\/types\/page"}],"author":[{"embeddable":true,"href":"http:\/\/4ee2d9e0737449ce9635ab2250b9c741.testmyurl.ws\/souquier\/wp-json\/wp\/v2\/users\/1"}],"replies":[{"embeddable":true,"href":"http:\/\/4ee2d9e0737449ce9635ab2250b9c741.testmyurl.ws\/souquier\/wp-json\/wp\/v2\/comments?post=70"}],"version-history":[{"count":12,"href":"http:\/\/4ee2d9e0737449ce9635ab2250b9c741.testmyurl.ws\/souquier\/wp-json\/wp\/v2\/pages\/70\/revisions"}],"predecessor-version":[{"id":117,"href":"http:\/\/4ee2d9e0737449ce9635ab2250b9c741.testmyurl.ws\/souquier\/wp-json\/wp\/v2\/pages\/70\/revisions\/117"}],"wp:attachment":[{"href":"http:\/\/4ee2d9e0737449ce9635ab2250b9c741.testmyurl.ws\/souquier\/wp-json\/wp\/v2\/media?parent=70"}],"curies":[{"name":"wp","href":"https:\/\/api.w.org\/{rel}","templated":true}]}}