{"id":12,"date":"2016-02-23T10:21:44","date_gmt":"2016-02-23T09:21:44","guid":{"rendered":"http:\/\/4ee2d9e0737449ce9635ab2250b9c741.testmyurl.ws\/souquier\/page-dacceuil\/"},"modified":"2023-01-09T12:05:22","modified_gmt":"2023-01-09T11:05:22","slug":"page-dacceuil","status":"publish","type":"page","link":"http:\/\/4ee2d9e0737449ce9635ab2250b9c741.testmyurl.ws\/souquier\/","title":{"rendered":"Home"},"content":{"rendered":"<div id=\"pl-12\"  class=\"panel-layout\" ><div id=\"pg-12-0\"  class=\"panel-grid panel-has-style\" ><div class=\"panel-row-style panel-row-style-for-12-0\" ><div id=\"pgc-12-0-0\"  class=\"panel-grid-cell\" ><div id=\"panel-12-0-0-0\" class=\"so-panel widget widget_black-studio-tinymce widget_black_studio_tinymce panel-first-child panel-last-child\" data-index=\"0\" ><div class=\"textwidget\"><h1 style=\"text-align: center;\">Bienvenue au Souquier, Maison de Vacances avec piscines en P\u00e9rigord Noir<\/h1>\n<hr style=\"max-width: 400px;\" \/>\n<h5 style=\"font-weight: normal; text-align: center;\">Ancien corps de ferme en pierre r\u00e9cemment restaur\u00e9 - Location \u00e0 la semaine &amp; week-end - Piscine<\/h5>\n<p style=\"text-align: center;\">A Audrix<\/p>\n<p style=\"text-align: center;\">Les deux g\u00eetes de 110 et 120 m2 ont chacun leur propre piscine priv\u00e9e, une entr\u00e9e ind\u00e9pendante, un parking priv\u00e9, aucun vis \u00e0 vis ainsi qu\u2019une vue d\u00e9gag\u00e9e sur la vall\u00e9e.<br \/>\nAu coeur du P\u00e9rigord Noir, ils se situent \u00e0 3 mn du Bugue, dans le triangle P\u00e9rigueux, Sarlat, Bergerac.<\/p>\n<\/div><\/div><\/div><\/div><\/div><div id=\"pg-12-1\"  class=\"panel-grid panel-no-style\" ><div id=\"pgc-12-1-0\"  class=\"panel-grid-cell\" ><div id=\"panel-12-1-0-0\" class=\"so-panel widget widget_sow-features panel-first-child panel-last-child\" data-index=\"1\" ><div\n\t\t\t\n\t\t\tclass=\"so-widget-sow-features so-widget-sow-features-default-a70771d47006-12\"\n\t\t\t\n\t\t><ul\n\tclass=\"sow-features-list\n\tsow-features-responsive\">\n\n\t\t\t<li\n\t\t\tclass=\"sow-features-feature sow-icon-container-position-top\"\n\t\t\tstyle=\"display: flex; flex-direction: column; width: calc(33.333% - 25px);\"\n\t\t>\n\t\t\t\n\t\t\t\t\t\t\t<div class=\"sow-features-feature-right-left-container\" style=\"display: flex; flex-direction: inherit;\">\n\t\t\t\t\t\t\t<a\t\t\t\tclass=\"sow-icon-container sow-container-none\"\n\t\t\t\tstyle=\"color: #404040; \"\n\t\t\t\t\n\t\t\t\t\t\t\t\t\thref=\"http:\/\/4ee2d9e0737449ce9635ab2250b9c741.testmyurl.ws\/souquier\/gite-perigord-lou-cecadou\/\"\n\t\t\t\t\t\t\t\t>\n\t\t\t\t\t\t\t\t\t\t<div class=\"sow-icon-image\" style=\"background-image: url(http:\/\/4ee2d9e0737449ce9635ab2250b9c741.testmyurl.ws\/souquier\/wp-content\/uploads\/2023\/01\/IMG_1158.jpeg); font-size: 250px\"><\/div>\n\t\t\t\t\t\t\t\t\t<\/a>\n\n\t\t\t<div class=\"textwidget\">\n\t\t\t\t\t\t\t\t\t<div class=\"sow-features-feature-content\">\n\t\t\t\t\n\t\t\t\t\t\t\t\t\t<h5 class=\"sow-features-feature-title\">\n\t\t\t\t\t\t\t\t\t\t\t\t\t<a\n\t\t\t\t\t\t\t\thref=\"http:\/\/4ee2d9e0737449ce9635ab2250b9c741.testmyurl.ws\/souquier\/gite-perigord-lou-cecadou\/\"\n\t\t\t\t\t\t\t\t\t\t\t\t\t\t\t>\n\t\t\t\t\t\t\tLou C\u00e9cadou\t\t\t\t\t\t\t<\/a>\n\t\t\t\t\t\t\t\t\t\t\t\t<\/h5>\n\t\t\t\t\n\t\t\t\t\t\t\t\t\t<div class=\"sow-features-feature-text\">\n\t\t\t\t\t<p>Maison 7 personnes avec piscine priv\u00e9e<\/p>\n\t\t\t\t\t<\/div>\n\t\t\t\t\t\t\t\t\t\t<\/div>\n\t\t\t\t\t<p class=\"sow-more-text\">\n\t\t\t\t\t\t<a href=\"http:\/\/4ee2d9e0737449ce9635ab2250b9c741.testmyurl.ws\/souquier\/gite-perigord-lou-cecadou\/\" >\t\t\t\t\t\tD\u00e9couvrir le G\u00eete\t\t\t\t\t\t<\/a>\t\t\t\t\t<\/p>\n\t\t\t\t\t\t\t<\/div>\n\t\t\t\t\t\t\t<\/div>\n\t\t\t\t\t\t\t\t<\/li>\n\n\t\t\t<li\n\t\t\tclass=\"sow-features-feature sow-icon-container-position-top\"\n\t\t\tstyle=\"display: flex; flex-direction: column; width: calc(33.333% - 25px);\"\n\t\t>\n\t\t\t\n\t\t\t\t\t\t\t<div class=\"sow-features-feature-right-left-container\" style=\"display: flex; flex-direction: inherit;\">\n\t\t\t\t\t\t\t<a\t\t\t\tclass=\"sow-icon-container sow-container-none\"\n\t\t\t\tstyle=\"color: #404040; \"\n\t\t\t\t\n\t\t\t\t\t\t\t\t\thref=\"http:\/\/4ee2d9e0737449ce9635ab2250b9c741.testmyurl.ws\/souquier\/page-dacceuil-2\/\"\n\t\t\t\t\t\t\t\t>\n\t\t\t\t\t\t\t\t\t\t<div class=\"sow-icon-image\" style=\"background-image: url(http:\/\/4ee2d9e0737449ce9635ab2250b9c741.testmyurl.ws\/souquier\/wp-content\/uploads\/2023\/01\/IMG_1019-1.jpg); font-size: 250px\"><\/div>\n\t\t\t\t\t\t\t\t\t<\/a>\n\n\t\t\t<div class=\"textwidget\">\n\t\t\t\t\t\t\t\t\t<div class=\"sow-features-feature-content\">\n\t\t\t\t\n\t\t\t\t\t\t\t\t\t<h5 class=\"sow-features-feature-title\">\n\t\t\t\t\t\t\t\t\t\t\t\t\t<a\n\t\t\t\t\t\t\t\thref=\"http:\/\/4ee2d9e0737449ce9635ab2250b9c741.testmyurl.ws\/souquier\/page-dacceuil-2\/\"\n\t\t\t\t\t\t\t\t\t\t\t\t\t\t\t>\n\t\t\t\t\t\t\tLou Caloufet\t\t\t\t\t\t\t<\/a>\n\t\t\t\t\t\t\t\t\t\t\t\t<\/h5>\n\t\t\t\t\n\t\t\t\t\t\t\t\t\t<div class=\"sow-features-feature-text\">\n\t\t\t\t\t<p>Maison 7 personnes avec piscine priv\u00e9e<\/p>\n\t\t\t\t\t<\/div>\n\t\t\t\t\t\t\t\t\t\t<\/div>\n\t\t\t\t\t<p class=\"sow-more-text\">\n\t\t\t\t\t\t<a href=\"http:\/\/4ee2d9e0737449ce9635ab2250b9c741.testmyurl.ws\/souquier\/page-dacceuil-2\/\" >\t\t\t\t\t\tD\u00e9couvrir le g\u00eete\t\t\t\t\t\t<\/a>\t\t\t\t\t<\/p>\n\t\t\t\t\t\t\t<\/div>\n\t\t\t\t\t\t\t<\/div>\n\t\t\t\t\t\t\t\t<\/li>\n\n\t\t\t<li\n\t\t\tclass=\"sow-features-feature sow-icon-container-position-top\"\n\t\t\tstyle=\"display: flex; flex-direction: column; width: calc(33.333% - 25px);\"\n\t\t>\n\t\t\t\n\t\t\t\t\t\t\t<div class=\"sow-features-feature-right-left-container\" style=\"display: flex; flex-direction: inherit;\">\n\t\t\t\t\t\t\t<a\t\t\t\tclass=\"sow-icon-container sow-container-none\"\n\t\t\t\tstyle=\"color: #404040; \"\n\t\t\t\t\n\t\t\t\t\t\t\t\t\thref=\"http:\/\/4ee2d9e0737449ce9635ab2250b9c741.testmyurl.ws\/souquier\/tarifs-3\/\"\n\t\t\t\t\t\t\t\t>\n\t\t\t\t\t\t\t\t\t\t<div class=\"sow-icon-image\" style=\"background-image: url(http:\/\/4ee2d9e0737449ce9635ab2250b9c741.testmyurl.ws\/souquier\/wp-content\/uploads\/2023\/01\/IMG_1054-1.jpg); font-size: 250px\"><\/div>\n\t\t\t\t\t\t\t\t\t<\/a>\n\n\t\t\t<div class=\"textwidget\">\n\t\t\t\t\t\t\t\t\t<div class=\"sow-features-feature-content\">\n\t\t\t\t\n\t\t\t\t\t\t\t\t\t<h5 class=\"sow-features-feature-title\">\n\t\t\t\t\t\t\t\t\t\t\t\t\t<a\n\t\t\t\t\t\t\t\thref=\"http:\/\/4ee2d9e0737449ce9635ab2250b9c741.testmyurl.ws\/souquier\/tarifs-3\/\"\n\t\t\t\t\t\t\t\t\t\t\t\t\t\t\t>\n\t\t\t\t\t\t\tTarifs\t\t\t\t\t\t\t<\/a>\n\t\t\t\t\t\t\t\t\t\t\t\t<\/h5>\n\t\t\t\t\n\t\t\t\t\t\t\t\t\t<div class=\"sow-features-feature-text\">\n\t\t\t\t\t<p>Location \u00e0 la semaine &amp; week-end<\/p>\n\t\t\t\t\t<\/div>\n\t\t\t\t\t\t\t\t\t\t<\/div>\n\t\t\t\t\t<p class=\"sow-more-text\">\n\t\t\t\t\t\t<a href=\"http:\/\/4ee2d9e0737449ce9635ab2250b9c741.testmyurl.ws\/souquier\/tarifs-3\/\" >\t\t\t\t\t\tD\u00e9couvrir les tarifs\t\t\t\t\t\t<\/a>\t\t\t\t\t<\/p>\n\t\t\t\t\t\t\t<\/div>\n\t\t\t\t\t\t\t<\/div>\n\t\t\t\t\t\t\t\t<\/li>\n\n\t<\/ul>\n<\/div><\/div><\/div><\/div><\/div>","protected":false},"excerpt":{"rendered":"<p>Bienvenue au Souquier, Maison de Vacances avec piscines en P\u00e9rigord Noir Ancien corps de ferme en pierre r\u00e9cemment restaur\u00e9 &#8211; Location \u00e0 la semaine &amp; week-end &#8211; Piscine A Audrix Les deux g\u00eetes de 110 et 120 m2 ont chacun leur propre piscine priv\u00e9e, une entr\u00e9e ind\u00e9pendante, un parking priv\u00e9, aucun vis \u00e0 vis ainsi [&hellip;]<\/p>\n","protected":false},"author":1,"featured_media":17,"parent":0,"menu_order":0,"comment_status":"closed","ping_status":"closed","template":"home-panels.php","meta":{"footnotes":""},"class_list":["post-12","page","type-page","status-publish","has-post-thumbnail","hentry"],"aioseo_notices":[],"_links":{"self":[{"href":"http:\/\/4ee2d9e0737449ce9635ab2250b9c741.testmyurl.ws\/souquier\/wp-json\/wp\/v2\/pages\/12","targetHints":{"allow":["GET"]}}],"collection":[{"href":"http:\/\/4ee2d9e0737449ce9635ab2250b9c741.testmyurl.ws\/souquier\/wp-json\/wp\/v2\/pages"}],"about":[{"href":"http:\/\/4ee2d9e0737449ce9635ab2250b9c741.testmyurl.ws\/souquier\/wp-json\/wp\/v2\/types\/page"}],"author":[{"embeddable":true,"href":"http:\/\/4ee2d9e0737449ce9635ab2250b9c741.testmyurl.ws\/souquier\/wp-json\/wp\/v2\/users\/1"}],"replies":[{"embeddable":true,"href":"http:\/\/4ee2d9e0737449ce9635ab2250b9c741.testmyurl.ws\/souquier\/wp-json\/wp\/v2\/comments?post=12"}],"version-history":[{"count":10,"href":"http:\/\/4ee2d9e0737449ce9635ab2250b9c741.testmyurl.ws\/souquier\/wp-json\/wp\/v2\/pages\/12\/revisions"}],"predecessor-version":[{"id":266,"href":"http:\/\/4ee2d9e0737449ce9635ab2250b9c741.testmyurl.ws\/souquier\/wp-json\/wp\/v2\/pages\/12\/revisions\/266"}],"wp:featuredmedia":[{"embeddable":true,"href":"http:\/\/4ee2d9e0737449ce9635ab2250b9c741.testmyurl.ws\/souquier\/wp-json\/wp\/v2\/media\/17"}],"wp:attachment":[{"href":"http:\/\/4ee2d9e0737449ce9635ab2250b9c741.testmyurl.ws\/souquier\/wp-json\/wp\/v2\/media?parent=12"}],"curies":[{"name":"wp","href":"https:\/\/api.w.org\/{rel}","templated":true}]}}